{"id":8750,"date":"2018-07-09T13:13:40","date_gmt":"2018-07-09T13:13:40","guid":{"rendered":"https:\/\/dutchdoorscompany.com\/installation\/"},"modified":"2025-12-28T21:50:09","modified_gmt":"2025-12-28T21:50:09","slug":"installation","status":"publish","type":"page","link":"https:\/\/dutchdoorscompany.com\/fr\/installation\/","title":{"rendered":"Installation"},"content":{"rendered":"\t\t<div data-elementor-type=\"wp-post\" data-elementor-id=\"8750\" class=\"elementor elementor-8750 elementor-1003\" data-elementor-post-type=\"page\">\n\t\t\t\t<div class=\"elementor-element elementor-element-54e678ca e-con-full e-flex e-con e-parent\" data-id=\"54e678ca\" data-element_type=\"container\" data-e-type=\"container\" data-settings=\"{&quot;background_background&quot;:&quot;classic&quot;}\">\n\t\t<div class=\"elementor-element elementor-element-5d70769c e-con-full e-flex e-con e-child\" data-id=\"5d70769c\" data-element_type=\"container\" data-e-type=\"container\" data-settings=\"{&quot;background_background&quot;:&quot;classic&quot;}\">\n\t\t\t\t<div class=\"elementor-element elementor-element-1c77c790 elementor-widget elementor-widget-heading\" data-id=\"1c77c790\" data-element_type=\"widget\" data-e-type=\"widget\" data-widget_type=\"heading.default\">\n\t\t\t\t<div class=\"elementor-widget-container\">\n\t\t\t\t\t<h2 class=\"elementor-heading-title elementor-size-default\">Laissez-vous inspirer<\/h2>\t\t\t\t<\/div>\n\t\t\t\t<\/div>\n\t\t\t\t<div class=\"elementor-element elementor-element-7448eca1 elementor-widget elementor-widget-heading\" data-id=\"7448eca1\" data-element_type=\"widget\" data-e-type=\"widget\" data-widget_type=\"heading.default\">\n\t\t\t\t<div class=\"elementor-widget-container\">\n\t\t\t\t\t<h2 class=\"elementor-heading-title elementor-size-default\">Where technology <br>meets design<\/h2>\t\t\t\t<\/div>\n\t\t\t\t<\/div>\n\t\t\t\t<div class=\"elementor-element elementor-element-7be2bce4 elementor-widget elementor-widget-text-editor\" data-id=\"7be2bce4\" data-element_type=\"widget\" data-e-type=\"widget\" data-widget_type=\"text-editor.default\">\n\t\t\t\t<div class=\"elementor-widget-container\">\n\t\t\t\t\t\t\t\t\t<p>Gr\u00e2ce aux supports fournis, le cadre peut \u00eatre install\u00e9 rapidement, facilement et avec pr\u00e9cision.<br>Ce syst\u00e8me intelligent garantit une finition nette et homog\u00e8ne, sans n\u00e9cessiter de travaux suppl\u00e9mentaires.<\/p>\t\t\t\t\t\t\t\t<\/div>\n\t\t\t\t<\/div>\n\t\t\t\t<div class=\"elementor-element elementor-element-281e02de elementor-align-center elementor-widget elementor-widget-button\" data-id=\"281e02de\" data-element_type=\"widget\" data-e-type=\"widget\" data-widget_type=\"button.default\">\n\t\t\t\t<div class=\"elementor-widget-container\">\n\t\t\t\t\t\t\t\t\t<div class=\"elementor-button-wrapper\">\n\t\t\t\t\t<a class=\"elementor-button elementor-button-link elementor-size-lg elementor-animation-grow\" href=\"#\">\n\t\t\t\t\t\t<span class=\"elementor-button-content-wrapper\">\n\t\t\t\t\t\t\t\t\t<span class=\"elementor-button-text\">T\u00e9l\u00e9charger le manuel<\/span>\n\t\t\t\t\t<\/span>\n\t\t\t\t\t<\/a>\n\t\t\t\t<\/div>\n\t\t\t\t\t\t\t\t<\/div>\n\t\t\t\t<\/div>\n\t\t\t\t<\/div>\n\t\t<div class=\"elementor-element elementor-element-6d78f2ab e-con-full e-flex e-con e-child\" data-id=\"6d78f2ab\" data-element_type=\"container\" data-e-type=\"container\" data-settings=\"{&quot;background_background&quot;:&quot;classic&quot;}\">\n\t\t\t\t<\/div>\n\t\t\t\t<\/div>\n\t\t\t\t<section class=\"elementor-section elementor-top-section elementor-element elementor-element-127c86b elementor-section-boxed elementor-section-height-default elementor-section-height-default\" data-id=\"127c86b\" data-element_type=\"section\" data-e-type=\"section\">\n\t\t\t\t\t\t<div class=\"elementor-container elementor-column-gap-default\">\n\t\t\t\t\t<div class=\"elementor-column elementor-col-100 elementor-top-column elementor-element elementor-element-4d61184\" data-id=\"4d61184\" data-element_type=\"column\" data-e-type=\"column\">\n\t\t\t<div class=\"elementor-widget-wrap\">\n\t\t\t\t\t\t\t<\/div>\n\t\t<\/div>\n\t\t\t\t\t<\/div>\n\t\t<\/section>\n\t\t<div class=\"elementor-element elementor-element-14b6804 e-flex e-con-boxed e-con e-parent\" data-id=\"14b6804\" data-element_type=\"container\" data-e-type=\"container\">\n\t\t\t\t\t<div class=\"e-con-inner\">\n\t\t<div class=\"elementor-element elementor-element-3322862 e-con-full e-flex e-con e-child\" data-id=\"3322862\" data-element_type=\"container\" data-e-type=\"container\">\n\t\t\t\t<div class=\"elementor-element elementor-element-b947813 elementor-widget__width-initial elementor-widget elementor-widget-text-editor\" data-id=\"b947813\" data-element_type=\"widget\" data-e-type=\"widget\" data-widget_type=\"text-editor.default\">\n\t\t\t\t<div class=\"elementor-widget-container\">\n\t\t\t\t\t\t\t\t\t<ul><li data-start=\"68\" data-end=\"98\">Design minimaliste et moderne<\/li><li data-start=\"68\" data-end=\"98\">Convient aux portes \u00e0 ouverture int\u00e9rieure comme ext\u00e9rieure<\/li><li data-start=\"68\" data-end=\"98\">Finition haut de gamme avec <strong data-start=\"182\" data-end=\"198\">charni\u00e8res Basys<\/strong> et <strong data-start=\"205\" data-end=\"222\">serrure magn\u00e9tique<\/strong><\/li><li data-start=\"68\" data-end=\"98\">Disponible en cadres fixes et r\u00e9glables<\/li><li data-start=\"68\" data-end=\"98\">Rapide et facile \u00e0 installer<\/li><li data-start=\"68\" data-end=\"98\">\u00c9quip\u00e9 en standard <strong data-start=\"330\" data-end=\"341\">d\u2019un treillis<\/strong> pour une finition nette et homog\u00e8ne<\/li><li data-start=\"68\" data-end=\"98\">Adapt\u00e9 \u00e0 tous types de projets<\/li><\/ul>\t\t\t\t\t\t\t\t<\/div>\n\t\t\t\t<\/div>\n\t\t\t\t<\/div>\n\t\t<div class=\"elementor-element elementor-element-fbea89f e-con-full e-flex e-con e-child\" data-id=\"fbea89f\" data-element_type=\"container\" data-e-type=\"container\">\n\t\t\t\t<div class=\"elementor-element elementor-element-e1956d8 elementor-widget elementor-widget-image\" data-id=\"e1956d8\" data-element_type=\"widget\" data-e-type=\"widget\" data-widget_type=\"image.default\">\n\t\t\t\t<div class=\"elementor-widget-container\">\n\t\t\t\t\t\t\t\t\t\t\t\t\t\t\t<img fetchpriority=\"high\" decoding=\"async\" width=\"1024\" height=\"1024\" src=\"https:\/\/dutchdoorscompany.com\/wp-content\/uploads\/2025\/12\/Montage-ags-1024x1024.jpg\" class=\"attachment-large size-large wp-image-8659\" alt=\"\" srcset=\"https:\/\/dutchdoorscompany.com\/wp-content\/uploads\/2025\/12\/Montage-ags-1024x1024.jpg 1024w, https:\/\/dutchdoorscompany.com\/wp-content\/uploads\/2025\/12\/Montage-ags-300x300.jpg 300w, https:\/\/dutchdoorscompany.com\/wp-content\/uploads\/2025\/12\/Montage-ags-150x150.jpg 150w, https:\/\/dutchdoorscompany.com\/wp-content\/uploads\/2025\/12\/Montage-ags-768x768.jpg 768w, https:\/\/dutchdoorscompany.com\/wp-content\/uploads\/2025\/12\/Montage-ags-990x990.jpg 990w, https:\/\/dutchdoorscompany.com\/wp-content\/uploads\/2025\/12\/Montage-ags-441x441.jpg 441w, https:\/\/dutchdoorscompany.com\/wp-content\/uploads\/2025\/12\/Montage-ags-100x100.jpg 100w, https:\/\/dutchdoorscompany.com\/wp-content\/uploads\/2025\/12\/Montage-ags-800x800.jpg 800w, https:\/\/dutchdoorscompany.com\/wp-content\/uploads\/2025\/12\/Montage-ags.jpg 1280w\" sizes=\"(max-width: 1024px) 100vw, 1024px\" \/>\t\t\t\t\t\t\t\t\t\t\t\t\t\t\t<\/div>\n\t\t\t\t<\/div>\n\t\t\t\t<\/div>\n\t\t<div class=\"elementor-element elementor-element-26bac1d e-con-full e-flex e-con e-child\" data-id=\"26bac1d\" data-element_type=\"container\" data-e-type=\"container\">\n\t\t\t\t<div class=\"elementor-element elementor-element-930c689 elementor-widget elementor-widget-image\" data-id=\"930c689\" data-element_type=\"widget\" data-e-type=\"widget\" data-widget_type=\"image.default\">\n\t\t\t\t<div class=\"elementor-widget-container\">\n\t\t\t\t\t\t\t\t\t\t\t\t\t\t\t<img decoding=\"async\" width=\"848\" height=\"1024\" src=\"https:\/\/dutchdoorscompany.com\/wp-content\/uploads\/2025\/12\/Montage-1-848x1024.png\" class=\"attachment-large size-large wp-image-8668\" alt=\"\" srcset=\"https:\/\/dutchdoorscompany.com\/wp-content\/uploads\/2025\/12\/Montage-1-848x1024.png 848w, https:\/\/dutchdoorscompany.com\/wp-content\/uploads\/2025\/12\/Montage-1-249x300.png 249w, https:\/\/dutchdoorscompany.com\/wp-content\/uploads\/2025\/12\/Montage-1-768x927.png 768w, https:\/\/dutchdoorscompany.com\/wp-content\/uploads\/2025\/12\/Montage-1-441x532.png 441w, https:\/\/dutchdoorscompany.com\/wp-content\/uploads\/2025\/12\/Montage-1-300x362.png 300w, https:\/\/dutchdoorscompany.com\/wp-content\/uploads\/2025\/12\/Montage-1-800x966.png 800w, https:\/\/dutchdoorscompany.com\/wp-content\/uploads\/2025\/12\/Montage-1-150x181.png 150w, https:\/\/dutchdoorscompany.com\/wp-content\/uploads\/2025\/12\/Montage-1.png 928w\" sizes=\"(max-width: 848px) 100vw, 848px\" \/>\t\t\t\t\t\t\t\t\t\t\t\t\t\t\t<\/div>\n\t\t\t\t<\/div>\n\t\t\t\t<\/div>\n\t\t<div class=\"elementor-element elementor-element-1e1e318 e-con-full e-flex e-con e-child\" data-id=\"1e1e318\" data-element_type=\"container\" data-e-type=\"container\">\n\t\t\t\t<\/div>\n\t\t<div class=\"elementor-element elementor-element-7b25148 e-con-full e-flex e-con e-child\" data-id=\"7b25148\" data-element_type=\"container\" data-e-type=\"container\">\n\t\t\t\t<\/div>\n\t\t\t\t\t<\/div>\n\t\t\t\t<\/div>\n\t\t\t\t<\/div>\n\t\t","protected":false},"excerpt":{"rendered":"<p>Laissez-vous inspirer Where technology meets design Gr\u00e2ce aux supports fournis, le cadre peut \u00eatre install\u00e9 rapidement, facilement et avec pr\u00e9cision.Ce syst\u00e8me intelligent garantit une finition nette et homog\u00e8ne, sans n\u00e9cessiter de travaux suppl\u00e9mentaires. T\u00e9l\u00e9charger le manuel Design minimaliste et moderne Convient aux portes \u00e0 ouverture int\u00e9rieure comme ext\u00e9rieure Finition haut de gamme avec charni\u00e8res Basys [&hellip;]<\/p>\n","protected":false},"author":1,"featured_media":0,"parent":0,"menu_order":0,"comment_status":"closed","ping_status":"closed","template":"elementor_header_footer","meta":{"_monsterinsights_skip_tracking":false,"_monsterinsights_sitenote_active":false,"_monsterinsights_sitenote_note":"","_monsterinsights_sitenote_category":0,"footnotes":""},"class_list":["post-8750","page","type-page","status-publish","hentry"],"aioseo_notices":[],"_links":{"self":[{"href":"https:\/\/dutchdoorscompany.com\/fr\/wp-json\/wp\/v2\/pages\/8750","targetHints":{"allow":["GET"]}}],"collection":[{"href":"https:\/\/dutchdoorscompany.com\/fr\/wp-json\/wp\/v2\/pages"}],"about":[{"href":"https:\/\/dutchdoorscompany.com\/fr\/wp-json\/wp\/v2\/types\/page"}],"author":[{"embeddable":true,"href":"https:\/\/dutchdoorscompany.com\/fr\/wp-json\/wp\/v2\/users\/1"}],"replies":[{"embeddable":true,"href":"https:\/\/dutchdoorscompany.com\/fr\/wp-json\/wp\/v2\/comments?post=8750"}],"version-history":[{"count":2,"href":"https:\/\/dutchdoorscompany.com\/fr\/wp-json\/wp\/v2\/pages\/8750\/revisions"}],"predecessor-version":[{"id":8783,"href":"https:\/\/dutchdoorscompany.com\/fr\/wp-json\/wp\/v2\/pages\/8750\/revisions\/8783"}],"wp:attachment":[{"href":"https:\/\/dutchdoorscompany.com\/fr\/wp-json\/wp\/v2\/media?parent=8750"}],"curies":[{"name":"wp","href":"https:\/\/api.w.org\/{rel}","templated":true}]}}