{"id":8757,"date":"2020-10-09T13:39:05","date_gmt":"2020-10-09T13:39:05","guid":{"rendered":"https:\/\/dutchdoorscompany.com\/o-nas\/"},"modified":"2025-12-24T14:35:22","modified_gmt":"2025-12-24T14:35:22","slug":"o-nas","status":"publish","type":"page","link":"https:\/\/dutchdoorscompany.com\/pl\/o-nas\/","title":{"rendered":"O nas"},"content":{"rendered":"\t\t<div data-elementor-type=\"wp-post\" data-elementor-id=\"8757\" class=\"elementor elementor-8757 elementor-1004\" data-elementor-post-type=\"page\">\n\t\t\t\t<div class=\"elementor-element elementor-element-7c66ac03 e-con-full e-flex e-con e-parent\" data-id=\"7c66ac03\" data-element_type=\"container\" data-e-type=\"container\" data-settings=\"{&quot;background_background&quot;:&quot;classic&quot;}\">\n\t\t<div class=\"elementor-element elementor-element-1660ee3a e-con-full e-flex e-con e-child\" data-id=\"1660ee3a\" data-element_type=\"container\" data-e-type=\"container\" data-settings=\"{&quot;background_background&quot;:&quot;classic&quot;}\">\n\t\t\t\t<div class=\"elementor-element elementor-element-9554e73 elementor-widget elementor-widget-heading\" data-id=\"9554e73\" data-element_type=\"widget\" data-e-type=\"widget\" data-widget_type=\"heading.default\">\n\t\t\t\t<div class=\"elementor-widget-container\">\n\t\t\t\t\t<h2 class=\"elementor-heading-title elementor-size-default\">O firmie<\/h2>\t\t\t\t<\/div>\n\t\t\t\t<\/div>\n\t\t\t\t<div class=\"elementor-element elementor-element-595b7bb6 elementor-widget elementor-widget-text-editor\" data-id=\"595b7bb6\" data-element_type=\"widget\" data-e-type=\"widget\" data-widget_type=\"text-editor.default\">\n\t\t\t\t<div class=\"elementor-widget-container\">\n\t\t\t\t\t\t\t\t\t<p>Dutch Doors Company powsta\u0142a w oparciu o wieloletnie do\u015bwiadczenie zdobyte w naszej firmie partnerskiej Broporte, specjali\u015bcie w zakresie ekskluzywnych, wykonywanych na zam\u00f3wienie drzwi do wn\u0119trz prywatnych. Z t\u0105 sam\u0105 dba\u0142o\u015bci\u0105 o rzemios\u0142o i jako\u015b\u0107 Dutch Doors Company przenosi dzi\u015b t\u0119 wiedz\u0119 na rynek biznesowy. <\/p>\t\t\t\t\t\t\t\t<\/div>\n\t\t\t\t<\/div>\n\t\t<div class=\"elementor-element elementor-element-7f897572 e-con-full e-flex e-con e-child\" data-id=\"7f897572\" data-element_type=\"container\" data-e-type=\"container\" data-settings=\"{&quot;background_background&quot;:&quot;gradient&quot;}\">\n\t\t\t\t<div class=\"elementor-element elementor-element-7abf874 elementor-widget elementor-widget-text-editor\" data-id=\"7abf874\" data-element_type=\"widget\" data-e-type=\"widget\" data-widget_type=\"text-editor.default\">\n\t\t\t\t<div class=\"elementor-widget-container\">\n\t\t\t\t\t\t\t\t\t<p>Naszym celem jest obs\u0142uga architekt\u00f3w, projektant\u00f3w wn\u0119trz oraz deweloper\u00f3w na najwy\u017cszym poziomie \u2014 poprzez zr\u00f3wnowa\u017cone i innowacyjne koncepcje drzwi, kt\u00f3re \u0142\u0105cz\u0105 technologi\u0119 z designem.<\/p><p>Podczas gdy Broporte koncentruje si\u0119 na rynku prywatnym, Dutch Doors Company w pe\u0142ni po\u015bwi\u0119ca si\u0119 sektorowi profesjonalnemu \u2014 zawsze z t\u0105 sam\u0105 pasj\u0105 do detalu i wysokiej jako\u015bci wyko\u0144czenia.<\/p><p>Dzi\u0119ki niewielkiemu, lecz wysoko wykwalifikowanemu i zaanga\u017cowanemu zespo\u0142owi realizujemy ka\u017cdy projekt kompleksowo \u2014 od A do Z. Kr\u00f3tkie \u015bcie\u017cki komunikacji oraz zaufani, d\u0142ugoterminowi partnerzy stanowi\u0105 fundament naszego sposobu pracy.<\/p>\t\t\t\t\t\t\t\t<\/div>\n\t\t\t\t<\/div>\n\t\t\t\t<\/div>\n\t\t\t\t<\/div>\n\t\t<div class=\"elementor-element elementor-element-b2c253e e-con-full e-flex e-con e-child\" data-id=\"b2c253e\" data-element_type=\"container\" data-e-type=\"container\" data-settings=\"{&quot;background_background&quot;:&quot;classic&quot;}\">\n\t\t\t\t<\/div>\n\t\t\t\t<\/div>\n\t\t\t\t<\/div>\n\t\t","protected":false},"excerpt":{"rendered":"<p>O firmie Dutch Doors Company powsta\u0142a w oparciu o wieloletnie do\u015bwiadczenie zdobyte w naszej firmie partnerskiej Broporte, specjali\u015bcie w zakresie ekskluzywnych, wykonywanych na zam\u00f3wienie drzwi do wn\u0119trz prywatnych. Z t\u0105 sam\u0105 dba\u0142o\u015bci\u0105 o rzemios\u0142o i jako\u015b\u0107 Dutch Doors Company przenosi dzi\u015b t\u0119 wiedz\u0119 na rynek biznesowy. Naszym celem jest obs\u0142uga architekt\u00f3w, projektant\u00f3w wn\u0119trz oraz deweloper\u00f3w [&hellip;]<\/p>\n","protected":false},"author":1,"featured_media":0,"parent":0,"menu_order":0,"comment_status":"closed","ping_status":"closed","template":"elementor_header_footer","meta":{"_monsterinsights_skip_tracking":false,"_monsterinsights_sitenote_active":false,"_monsterinsights_sitenote_note":"","_monsterinsights_sitenote_category":0,"footnotes":""},"class_list":["post-8757","page","type-page","status-publish","hentry"],"aioseo_notices":[],"_links":{"self":[{"href":"https:\/\/dutchdoorscompany.com\/pl\/wp-json\/wp\/v2\/pages\/8757","targetHints":{"allow":["GET"]}}],"collection":[{"href":"https:\/\/dutchdoorscompany.com\/pl\/wp-json\/wp\/v2\/pages"}],"about":[{"href":"https:\/\/dutchdoorscompany.com\/pl\/wp-json\/wp\/v2\/types\/page"}],"author":[{"embeddable":true,"href":"https:\/\/dutchdoorscompany.com\/pl\/wp-json\/wp\/v2\/users\/1"}],"replies":[{"embeddable":true,"href":"https:\/\/dutchdoorscompany.com\/pl\/wp-json\/wp\/v2\/comments?post=8757"}],"version-history":[{"count":1,"href":"https:\/\/dutchdoorscompany.com\/pl\/wp-json\/wp\/v2\/pages\/8757\/revisions"}],"predecessor-version":[{"id":8758,"href":"https:\/\/dutchdoorscompany.com\/pl\/wp-json\/wp\/v2\/pages\/8757\/revisions\/8758"}],"wp:attachment":[{"href":"https:\/\/dutchdoorscompany.com\/pl\/wp-json\/wp\/v2\/media?parent=8757"}],"curies":[{"name":"wp","href":"https:\/\/api.w.org\/{rel}","templated":true}]}}